{"id":54,"date":"2022-06-09T08:49:25","date_gmt":"2022-06-09T08:49:25","guid":{"rendered":"http:\/\/gt-elektrotechnik.at\/?page_id=54"},"modified":"2024-10-29T16:16:27","modified_gmt":"2024-10-29T16:16:27","slug":"kontakt","status":"publish","type":"page","link":"https:\/\/gt-elektrotechnik.at\/?page_id=54","title":{"rendered":"Kontakt"},"content":{"rendered":"\n<p>Office:<\/p>\n\n\n\n<p class=\"has-small-font-size\">      \u2022    E-Mail: <a href=\"mailto:office@gt-elektrotechnik.at\">office@gt-elektrotechnik.at<\/a><\/p>\n\n\n\n<p class=\"has-small-font-size\">     \u2022   Facebook: <a href=\"http:\/\/www.facebook.com\/GTELEKTROTECHNIK\">http:\/\/www.facebook.com\/GTELEKTROTECHNIK<\/a><\/p>\n\n\n\n<p>Gesch\u00e4ftsf\u00fchrer:     <\/p>\n\n\n\n<p>Mst. Georg Kollmann<\/p>\n\n\n\n<ul class=\"wp-block-list has-small-font-size\">\n<li>Tel.: +43 660 350 52 88   <\/li>\n<\/ul>\n\n\n\n<ul class=\"wp-block-list has-small-font-size\">\n<li>E-Mail: <a href=\"mailto:kollmann@gt-elektrotechnik.at\">kollmann@gt-elektrotechnik.at<\/a><\/li>\n<\/ul>\n\n\n\n<p><\/p>\n\n\n\n<p>Gesch\u00e4ftsf\u00fchrer:<\/p>\n\n\n\n<p>           Tobias Jauk<\/p>\n\n\n\n<ul class=\"wp-block-list has-small-font-size\">\n<li>Tel.: +43 664 18 55 031<\/li>\n<\/ul>\n\n\n\n<ul class=\"wp-block-list has-small-font-size\">\n<li>E-Mail: <a href=\"mailto:jauk@gt-elektrotechnik.at\">jauk@gt-elektrotechnik.at<\/a><\/li>\n<\/ul>\n","protected":false},"excerpt":{"rendered":"<p>Office: \u2022 E-Mail: office@gt-elektrotechnik.at \u2022 Facebook: http:\/\/www.facebook.com\/GTELEKTROTECHNIK Gesch\u00e4ftsf\u00fchrer: Mst. Georg Kollmann Gesch\u00e4ftsf\u00fchrer: Tobias Jauk<\/p>\n","protected":false},"author":1,"featured_media":0,"parent":0,"menu_order":0,"comment_status":"closed","ping_status":"closed","template":"","meta":{"_eb_attr":"","footnotes":""},"class_list":["post-54","page","type-page","status-publish","hentry"],"_links":{"self":[{"href":"https:\/\/gt-elektrotechnik.at\/index.php?rest_route=\/wp\/v2\/pages\/54","targetHints":{"allow":["GET"]}}],"collection":[{"href":"https:\/\/gt-elektrotechnik.at\/index.php?rest_route=\/wp\/v2\/pages"}],"about":[{"href":"https:\/\/gt-elektrotechnik.at\/index.php?rest_route=\/wp\/v2\/types\/page"}],"author":[{"embeddable":true,"href":"https:\/\/gt-elektrotechnik.at\/index.php?rest_route=\/wp\/v2\/users\/1"}],"replies":[{"embeddable":true,"href":"https:\/\/gt-elektrotechnik.at\/index.php?rest_route=%2Fwp%2Fv2%2Fcomments&post=54"}],"version-history":[{"count":4,"href":"https:\/\/gt-elektrotechnik.at\/index.php?rest_route=\/wp\/v2\/pages\/54\/revisions"}],"predecessor-version":[{"id":306,"href":"https:\/\/gt-elektrotechnik.at\/index.php?rest_route=\/wp\/v2\/pages\/54\/revisions\/306"}],"wp:attachment":[{"href":"https:\/\/gt-elektrotechnik.at\/index.php?rest_route=%2Fwp%2Fv2%2Fmedia&parent=54"}],"curies":[{"name":"wp","href":"https:\/\/api.w.org\/{rel}","templated":true}]}}